{"id":1187,"date":"2024-02-23T20:33:52","date_gmt":"2024-02-23T23:33:52","guid":{"rendered":"https:\/\/alterhub.digital\/sottopelle\/?page_id=1078"},"modified":"2024-03-06T15:12:30","modified_gmt":"2024-03-06T18:12:30","slug":"terapia-hormonal-para-pessoas-trans","status":"publish","type":"page","link":"https:\/\/sottopellebrasil.com.br\/sou-medico\/terapia-hormonal-para-pessoas-trans\/","title":{"rendered":"Terapia Hormonal para Pessoas Trans"},"content":{"rendered":"\t\t<div data-elementor-type=\"wp-page\" data-elementor-id=\"1187\" class=\"elementor elementor-1187\" data-elementor-post-type=\"page\">\n\t\t\t\t\t\t<section class=\"elementor-section elementor-top-section elementor-element elementor-element-b6f1e73 elementor-section-height-min-height elementor-section-content-bottom elementor-section-stretched elementor-section-boxed elementor-section-height-default elementor-section-items-middle\" data-id=\"b6f1e73\" data-element_type=\"section\" data-e-type=\"section\" data-settings=\"{&quot;stretch_section&quot;:&quot;section-stretched&quot;,&quot;background_background&quot;:&quot;classic&quot;}\">\n\t\t\t\t\t\t\t<div class=\"elementor-background-overlay\"><\/div>\n\t\t\t\t\t\t\t<div class=\"elementor-container elementor-column-gap-default\">\n\t\t\t\t\t<div class=\"elementor-column elementor-col-50 elementor-top-column elementor-element elementor-element-92791ef\" data-id=\"92791ef\" data-element_type=\"column\" data-e-type=\"column\">\n\t\t\t<div class=\"elementor-widget-wrap elementor-element-populated\">\n\t\t\t\t\t\t<div class=\"elementor-element elementor-element-e942119 elementor-widget elementor-widget-heading\" data-id=\"e942119\" data-element_type=\"widget\" data-e-type=\"widget\" data-widget_type=\"heading.default\">\n\t\t\t\t<div class=\"elementor-widget-container\">\n\t\t\t\t\t<h2 class=\"elementor-heading-title elementor-size-default\">Terapia de reposi\u00e7\u00e3o hormonal para pessoas trans<\/h2>\t\t\t\t<\/div>\n\t\t\t\t<\/div>\n\t\t\t\t<div class=\"elementor-element elementor-element-75e3341 elementor-widget elementor-widget-text-editor\" data-id=\"75e3341\" data-element_type=\"widget\" data-e-type=\"widget\" data-widget_type=\"text-editor.default\">\n\t\t\t\t<div class=\"elementor-widget-container\">\n\t\t\t\t\t\t\t\t\t<p>Com a terapia SottoPelle, possibilitamos que pessoas trans vivam \u00e0 sua maneira e tenham mais seguran\u00e7a e efic\u00e1cia na sua readequa\u00e7\u00e3o de sexo.<\/p>\t\t\t\t\t\t\t\t<\/div>\n\t\t\t\t<\/div>\n\t\t\t\t\t<\/div>\n\t\t<\/div>\n\t\t\t\t<div class=\"elementor-column elementor-col-50 elementor-top-column elementor-element elementor-element-3182c35\" data-id=\"3182c35\" data-element_type=\"column\" data-e-type=\"column\">\n\t\t\t<div class=\"elementor-widget-wrap\">\n\t\t\t\t\t\t\t<\/div>\n\t\t<\/div>\n\t\t\t\t\t<\/div>\n\t\t<\/section>\n\t\t\t\t<section class=\"elementor-section elementor-top-section elementor-element elementor-element-f7c9833 elementor-section-full_width elementor-section-stretched elementor-hidden-tablet elementor-hidden-mobile elementor-section-height-default elementor-section-height-default\" data-id=\"f7c9833\" data-element_type=\"section\" data-e-type=\"section\" data-settings=\"{&quot;stretch_section&quot;:&quot;section-stretched&quot;,&quot;background_background&quot;:&quot;classic&quot;}\">\n\t\t\t\t\t\t<div class=\"elementor-container elementor-column-gap-default\">\n\t\t\t\t\t<div class=\"elementor-column elementor-col-100 elementor-top-column elementor-element elementor-element-037e4e3\" data-id=\"037e4e3\" data-element_type=\"column\" data-e-type=\"column\">\n\t\t\t<div class=\"elementor-widget-wrap elementor-element-populated\">\n\t\t\t\t\t\t<div class=\"elementor-element elementor-element-b9cc8e9 elementor-hidden-tablet elementor-hidden-mobile elementor-widget elementor-widget-image\" data-id=\"b9cc8e9\" data-element_type=\"widget\" data-e-type=\"widget\" data-widget_type=\"image.default\">\n\t\t\t\t<div class=\"elementor-widget-container\">\n\t\t\t\t\t\t\t\t\t\t\t\t\t\t\t<img fetchpriority=\"high\" decoding=\"async\" width=\"475\" height=\"152\" src=\"https:\/\/sottopellebrasil.com.br\/sou-medico\/wp-content\/uploads\/sites\/4\/2023\/10\/Group-80.svg\" class=\"attachment-large size-large wp-image-292\" alt=\"\" \/>\t\t\t\t\t\t\t\t\t\t\t\t\t\t\t<\/div>\n\t\t\t\t<\/div>\n\t\t\t\t\t<\/div>\n\t\t<\/div>\n\t\t\t\t\t<\/div>\n\t\t<\/section>\n\t\t\t\t<section class=\"elementor-section elementor-top-section elementor-element elementor-element-9ad2785 elementor-section-stretched elementor-section-boxed elementor-section-height-default elementor-section-height-default\" data-id=\"9ad2785\" data-element_type=\"section\" data-e-type=\"section\" data-settings=\"{&quot;stretch_section&quot;:&quot;section-stretched&quot;,&quot;background_background&quot;:&quot;classic&quot;}\">\n\t\t\t\t\t\t<div class=\"elementor-container elementor-column-gap-default\">\n\t\t\t\t\t<div class=\"elementor-column elementor-col-50 elementor-top-column elementor-element elementor-element-2257c07\" data-id=\"2257c07\" data-element_type=\"column\" data-e-type=\"column\" data-settings=\"{&quot;background_background&quot;:&quot;classic&quot;}\">\n\t\t\t<div class=\"elementor-widget-wrap elementor-element-populated\">\n\t\t\t\t\t\t<div class=\"elementor-element elementor-element-76b1519 elementor-widget__width-initial elementor-widget-mobile__width-inherit elementor-widget elementor-widget-heading\" data-id=\"76b1519\" data-element_type=\"widget\" data-e-type=\"widget\" data-widget_type=\"heading.default\">\n\t\t\t\t<div class=\"elementor-widget-container\">\n\t\t\t\t\t<h2 class=\"elementor-heading-title elementor-size-default\">Viver bem em todas as etapas da vida, com sa\u00fade e seguran\u00e7a<\/h2>\t\t\t\t<\/div>\n\t\t\t\t<\/div>\n\t\t\t\t\t<\/div>\n\t\t<\/div>\n\t\t\t\t<div class=\"elementor-column elementor-col-50 elementor-top-column elementor-element elementor-element-763a4c4\" data-id=\"763a4c4\" data-element_type=\"column\" data-e-type=\"column\">\n\t\t\t<div class=\"elementor-widget-wrap elementor-element-populated\">\n\t\t\t\t\t\t<div class=\"elementor-element elementor-element-214d364 elementor-widget elementor-widget-text-editor\" data-id=\"214d364\" data-element_type=\"widget\" data-e-type=\"widget\" data-widget_type=\"text-editor.default\">\n\t\t\t\t<div class=\"elementor-widget-container\">\n\t\t\t\t\t\t\t\t\tLidar com incont\u00e1veis p\u00edlulas, cremes, g\u00e9is, entre outras formas de realizar a terapia hormonal pode dificultar a const\u00e2ncia do tratamento e, consequentemente, comprometer o seu resultado. Sabemos que esse \u00e9 um momento muito importante para voc\u00ea, por isso, valorizamos uma transi\u00e7\u00e3o f\u00e1cil e segura.\t\t\t\t\t\t\t\t<\/div>\n\t\t\t\t<\/div>\n\t\t\t\t<div class=\"elementor-element elementor-element-7f07941 elementor-widget elementor-widget-text-editor\" data-id=\"7f07941\" data-element_type=\"widget\" data-e-type=\"widget\" data-widget_type=\"text-editor.default\">\n\t\t\t\t<div class=\"elementor-widget-container\">\n\t\t\t\t\t\t\t\t\tA terapia com implantes absorv\u00edveis subcut\u00e2neos SottoPelle evita picos hormonais, descontinuidade do tratamento e outros desafios no caminho, tornando a sua jornada de readequa\u00e7\u00e3o de sexo mais conveniente e eficaz.\t\t\t\t\t\t\t\t<\/div>\n\t\t\t\t<\/div>\n\t\t\t\t\t<\/div>\n\t\t<\/div>\n\t\t\t\t\t<\/div>\n\t\t<\/section>\n\t\t\t\t<section class=\"elementor-section elementor-top-section elementor-element elementor-element-8e71723 elementor-section-stretched elementor-section-boxed elementor-section-height-default elementor-section-height-default\" data-id=\"8e71723\" data-element_type=\"section\" data-e-type=\"section\" data-settings=\"{&quot;stretch_section&quot;:&quot;section-stretched&quot;,&quot;background_background&quot;:&quot;classic&quot;}\">\n\t\t\t\t\t\t<div class=\"elementor-container elementor-column-gap-default\">\n\t\t\t\t\t<div class=\"elementor-column elementor-col-100 elementor-top-column elementor-element elementor-element-f7b301a\" data-id=\"f7b301a\" data-element_type=\"column\" data-e-type=\"column\">\n\t\t\t<div class=\"elementor-widget-wrap elementor-element-populated\">\n\t\t\t\t\t\t<div class=\"elementor-element elementor-element-2b7d7aa elementor-widget-mobile__width-inherit elementor-widget elementor-widget-heading\" data-id=\"2b7d7aa\" data-element_type=\"widget\" data-e-type=\"widget\" data-widget_type=\"heading.default\">\n\t\t\t\t<div class=\"elementor-widget-container\">\n\t\t\t\t\t<h2 class=\"elementor-heading-title elementor-size-default\">Encontre um M\u00e9dico Certificado<\/h2>\t\t\t\t<\/div>\n\t\t\t\t<\/div>\n\t\t\t\t<div class=\"elementor-element elementor-element-7cfdb34 elementor-widget elementor-widget-text-editor\" data-id=\"7cfdb34\" data-element_type=\"widget\" data-e-type=\"widget\" data-widget_type=\"text-editor.default\">\n\t\t\t\t<div class=\"elementor-widget-container\">\n\t\t\t\t\t\t\t\t\t<p>S\u00e3o mais de 2400 m\u00e9dicos certificados pela SottoPelle Brasil em todo o territ\u00f3rio nacional.<\/p>\t\t\t\t\t\t\t\t<\/div>\n\t\t\t\t<\/div>\n\t\t\t\t<div class=\"elementor-element elementor-element-d658490 elementor-mobile-align-center elementor-align-justify elementor-widget elementor-widget-button\" data-id=\"d658490\" data-element_type=\"widget\" data-e-type=\"widget\" data-widget_type=\"button.default\">\n\t\t\t\t<div class=\"elementor-widget-container\">\n\t\t\t\t\t\t\t\t\t<div class=\"elementor-button-wrapper\">\n\t\t\t\t\t<a class=\"elementor-button elementor-button-link elementor-size-sm\" href=\"https:\/\/sottopellebrasil.com.br\/sou-paciente\/encontre-um-medico\/\" target=\"_blank\">\n\t\t\t\t\t\t<span class=\"elementor-button-content-wrapper\">\n\t\t\t\t\t\t\t\t\t<span class=\"elementor-button-text\">Encontre o seu aqui<\/span>\n\t\t\t\t\t<\/span>\n\t\t\t\t\t<\/a>\n\t\t\t\t<\/div>\n\t\t\t\t\t\t\t\t<\/div>\n\t\t\t\t<\/div>\n\t\t\t\t\t<\/div>\n\t\t<\/div>\n\t\t\t\t\t<\/div>\n\t\t<\/section>\n\t\t\t\t<section class=\"elementor-section elementor-top-section elementor-element elementor-element-b0acbfd elementor-section-height-min-height elementor-section-stretched elementor-section-boxed elementor-section-height-default elementor-section-items-middle\" data-id=\"b0acbfd\" data-element_type=\"section\" data-e-type=\"section\" data-settings=\"{&quot;stretch_section&quot;:&quot;section-stretched&quot;,&quot;background_background&quot;:&quot;classic&quot;}\">\n\t\t\t\t\t\t<div class=\"elementor-container elementor-column-gap-default\">\n\t\t\t\t\t<div class=\"elementor-column elementor-col-100 elementor-top-column elementor-element elementor-element-cc038d8\" data-id=\"cc038d8\" data-element_type=\"column\" data-e-type=\"column\">\n\t\t\t<div class=\"elementor-widget-wrap elementor-element-populated\">\n\t\t\t\t\t\t<section class=\"elementor-section elementor-inner-section elementor-element elementor-element-57f8e05 elementor-section-boxed elementor-section-height-default elementor-section-height-default\" data-id=\"57f8e05\" data-element_type=\"section\" data-e-type=\"section\">\n\t\t\t\t\t\t<div class=\"elementor-container elementor-column-gap-default\">\n\t\t\t\t\t<div class=\"elementor-column elementor-col-50 elementor-inner-column elementor-element elementor-element-5ddb1f8\" data-id=\"5ddb1f8\" data-element_type=\"column\" data-e-type=\"column\">\n\t\t\t<div class=\"elementor-widget-wrap elementor-element-populated\">\n\t\t\t\t\t\t<div class=\"elementor-element elementor-element-fa37fde elementor-widget elementor-widget-image\" data-id=\"fa37fde\" data-element_type=\"widget\" data-e-type=\"widget\" data-widget_type=\"image.default\">\n\t\t\t\t<div class=\"elementor-widget-container\">\n\t\t\t\t\t\t\t\t\t\t\t\t\t\t\t<img decoding=\"async\" width=\"370\" height=\"104\" src=\"https:\/\/sottopellebrasil.com.br\/sou-medico\/wp-content\/uploads\/sites\/4\/2023\/10\/footer-logo.svg\" class=\"attachment-large size-large wp-image-107\" alt=\"\" \/>\t\t\t\t\t\t\t\t\t\t\t\t\t\t\t<\/div>\n\t\t\t\t<\/div>\n\t\t\t\t\t<\/div>\n\t\t<\/div>\n\t\t\t\t<div class=\"elementor-column elementor-col-50 elementor-inner-column elementor-element elementor-element-7fc71fb\" data-id=\"7fc71fb\" data-element_type=\"column\" data-e-type=\"column\">\n\t\t\t<div class=\"elementor-widget-wrap\">\n\t\t\t\t\t\t\t<\/div>\n\t\t<\/div>\n\t\t\t\t\t<\/div>\n\t\t<\/section>\n\t\t\t\t<div class=\"elementor-element elementor-element-4a90479 elementor-widget elementor-widget-spacer\" data-id=\"4a90479\" data-element_type=\"widget\" data-e-type=\"widget\" data-widget_type=\"spacer.default\">\n\t\t\t\t<div class=\"elementor-widget-container\">\n\t\t\t\t\t\t\t<div class=\"elementor-spacer\">\n\t\t\t<div class=\"elementor-spacer-inner\"><\/div>\n\t\t<\/div>\n\t\t\t\t\t\t<\/div>\n\t\t\t\t<\/div>\n\t\t\t\t<section class=\"elementor-section elementor-inner-section elementor-element elementor-element-6bf126b elementor-section-boxed elementor-section-height-default elementor-section-height-default\" data-id=\"6bf126b\" data-element_type=\"section\" data-e-type=\"section\">\n\t\t\t\t\t\t<div class=\"elementor-container elementor-column-gap-default\">\n\t\t\t\t\t<div class=\"elementor-column elementor-col-33 elementor-inner-column elementor-element elementor-element-3680342\" data-id=\"3680342\" data-element_type=\"column\" data-e-type=\"column\">\n\t\t\t<div class=\"elementor-widget-wrap elementor-element-populated\">\n\t\t\t\t\t\t<div class=\"elementor-element elementor-element-3c3492c elementor-widget elementor-widget-text-editor\" data-id=\"3c3492c\" data-element_type=\"widget\" data-e-type=\"widget\" data-widget_type=\"text-editor.default\">\n\t\t\t\t<div class=\"elementor-widget-container\">\n\t\t\t\t\t\t\t\t\t<p>\u00a9 2024 SottoPelle Brasil | Todos os Direitos Reservados<\/p>\t\t\t\t\t\t\t\t<\/div>\n\t\t\t\t<\/div>\n\t\t\t\t\t<\/div>\n\t\t<\/div>\n\t\t\t\t<div class=\"elementor-column elementor-col-33 elementor-inner-column elementor-element elementor-element-59ab74a\" data-id=\"59ab74a\" data-element_type=\"column\" data-e-type=\"column\">\n\t\t\t<div class=\"elementor-widget-wrap elementor-element-populated\">\n\t\t\t\t\t\t<div class=\"elementor-element elementor-element-2a60ec9 e-grid-align-right e-grid-align-mobile-center elementor-shape-rounded elementor-grid-0 elementor-widget elementor-widget-social-icons\" data-id=\"2a60ec9\" data-element_type=\"widget\" data-e-type=\"widget\" data-widget_type=\"social-icons.default\">\n\t\t\t\t<div class=\"elementor-widget-container\">\n\t\t\t\t\t\t\t<div class=\"elementor-social-icons-wrapper elementor-grid\" role=\"list\">\n\t\t\t\t\t\t\t<span class=\"elementor-grid-item\" role=\"listitem\">\n\t\t\t\t\t<a class=\"elementor-icon elementor-social-icon elementor-social-icon-facebook elementor-repeater-item-3f85bcf\" href=\"https:\/\/www.facebook.com\/sottopellebrasil\" target=\"_blank\">\n\t\t\t\t\t\t<span class=\"elementor-screen-only\">Facebook<\/span>\n\t\t\t\t\t\t<i aria-hidden=\"true\" class=\"fab fa-facebook\"><\/i>\t\t\t\t\t<\/a>\n\t\t\t\t<\/span>\n\t\t\t\t\t\t\t<span class=\"elementor-grid-item\" role=\"listitem\">\n\t\t\t\t\t<a class=\"elementor-icon elementor-social-icon elementor-social-icon-instagram elementor-repeater-item-3e72c0b\" href=\"https:\/\/www.instagram.com\/sottopellebrasil\" target=\"_blank\">\n\t\t\t\t\t\t<span class=\"elementor-screen-only\">Instagram<\/span>\n\t\t\t\t\t\t<i aria-hidden=\"true\" class=\"fab fa-instagram\"><\/i>\t\t\t\t\t<\/a>\n\t\t\t\t<\/span>\n\t\t\t\t\t\t\t<span class=\"elementor-grid-item\" role=\"listitem\">\n\t\t\t\t\t<a class=\"elementor-icon elementor-social-icon elementor-social-icon-youtube elementor-repeater-item-9ba3ff3\" href=\"https:\/\/www.youtube.com\/@SottoPelle\" target=\"_blank\">\n\t\t\t\t\t\t<span class=\"elementor-screen-only\">Youtube<\/span>\n\t\t\t\t\t\t<i aria-hidden=\"true\" class=\"fab fa-youtube\"><\/i>\t\t\t\t\t<\/a>\n\t\t\t\t<\/span>\n\t\t\t\t\t<\/div>\n\t\t\t\t\t\t<\/div>\n\t\t\t\t<\/div>\n\t\t\t\t\t<\/div>\n\t\t<\/div>\n\t\t\t\t<div class=\"elementor-column elementor-col-33 elementor-inner-column elementor-element elementor-element-1e2166d\" data-id=\"1e2166d\" data-element_type=\"column\" data-e-type=\"column\">\n\t\t\t<div class=\"elementor-widget-wrap elementor-element-populated\">\n\t\t\t\t\t\t<div class=\"elementor-element elementor-element-92f09b4 elementor-widget elementor-widget-image\" data-id=\"92f09b4\" data-element_type=\"widget\" data-e-type=\"widget\" data-widget_type=\"image.default\">\n\t\t\t\t<div class=\"elementor-widget-container\">\n\t\t\t\t\t\t\t\t\t\t\t\t\t\t\t\t<a href=\"https:\/\/traidinnovation.com\/\" target=\"_blank\">\n\t\t\t\t\t\t\t<img decoding=\"async\" src=\"https:\/\/sottopellebrasil.com.br\/sou-medico\/wp-content\/uploads\/sites\/4\/2024\/03\/traid-logo-1.svg\" class=\"attachment-large size-large wp-image-1193\" alt=\"\" \/>\t\t\t\t\t\t\t\t<\/a>\n\t\t\t\t\t\t\t\t\t\t\t\t\t\t\t<\/div>\n\t\t\t\t<\/div>\n\t\t\t\t\t<\/div>\n\t\t<\/div>\n\t\t\t\t\t<\/div>\n\t\t<\/section>\n\t\t\t\t\t<\/div>\n\t\t<\/div>\n\t\t\t\t\t<\/div>\n\t\t<\/section>\n\t\t\t\t<\/div>\n\t\t","protected":false},"excerpt":{"rendered":"<p>Terapia de reposi\u00e7\u00e3o hormonal para pessoas trans Com a terapia SottoPelle, possibilitamos que pessoas trans vivam \u00e0 sua maneira e tenham mais seguran\u00e7a e efic\u00e1cia na<span class=\"excerpt-hellip\"> [\u2026]<\/span><\/p>\n","protected":false},"author":2,"featured_media":0,"parent":0,"menu_order":0,"comment_status":"closed","ping_status":"closed","template":"","meta":{"footnotes":""},"class_list":["post-1187","page","type-page","status-publish","hentry"],"yoast_head":"<!-- This site is optimized with the Yoast SEO plugin v26.3 - https:\/\/yoast.com\/wordpress\/plugins\/seo\/ -->\n<title>Terapia Hormonal para Pessoas Trans - SottoPelle Brasil | Sou M\u00e9dico<\/title>\n<meta name=\"robots\" content=\"index, follow, max-snippet:-1, max-image-preview:large, max-video-preview:-1\" \/>\n<link rel=\"canonical\" href=\"https:\/\/sottopellebrasil.com.br\/sou-medico\/terapia-hormonal-para-pessoas-trans\/\" \/>\n<meta property=\"og:locale\" content=\"pt_BR\" \/>\n<meta property=\"og:type\" content=\"article\" \/>\n<meta property=\"og:title\" content=\"Terapia Hormonal para Pessoas Trans - SottoPelle Brasil | Sou M\u00e9dico\" \/>\n<meta property=\"og:description\" content=\"Terapia de reposi\u00e7\u00e3o hormonal para pessoas trans Com a terapia SottoPelle, possibilitamos que pessoas trans vivam \u00e0 sua maneira e tenham mais seguran\u00e7a e efic\u00e1cia na [\u2026]\" \/>\n<meta property=\"og:url\" content=\"https:\/\/sottopellebrasil.com.br\/sou-medico\/terapia-hormonal-para-pessoas-trans\/\" \/>\n<meta property=\"og:site_name\" content=\"SottoPelle Brasil | Sou M\u00e9dico\" \/>\n<meta property=\"article:modified_time\" content=\"2024-03-06T18:12:30+00:00\" \/>\n<meta property=\"og:image\" content=\"https:\/\/sottopellebrasil.com.br\/sou-medico\/wp-content\/uploads\/sites\/4\/2023\/10\/Group-80.svg\" \/>\n<meta name=\"twitter:card\" content=\"summary_large_image\" \/>\n<meta name=\"twitter:label1\" content=\"Est. tempo de leitura\" \/>\n\t<meta name=\"twitter:data1\" content=\"1 minuto\" \/>\n<script type=\"application\/ld+json\" class=\"yoast-schema-graph\">{\"@context\":\"https:\/\/schema.org\",\"@graph\":[{\"@type\":\"WebPage\",\"@id\":\"https:\/\/sottopellebrasil.com.br\/sou-medico\/terapia-hormonal-para-pessoas-trans\/\",\"url\":\"https:\/\/sottopellebrasil.com.br\/sou-medico\/terapia-hormonal-para-pessoas-trans\/\",\"name\":\"Terapia Hormonal para Pessoas Trans - SottoPelle Brasil | Sou M\u00e9dico\",\"isPartOf\":{\"@id\":\"https:\/\/sottopellebrasil.com.br\/sou-medico\/#website\"},\"primaryImageOfPage\":{\"@id\":\"https:\/\/sottopellebrasil.com.br\/sou-medico\/terapia-hormonal-para-pessoas-trans\/#primaryimage\"},\"image\":{\"@id\":\"https:\/\/sottopellebrasil.com.br\/sou-medico\/terapia-hormonal-para-pessoas-trans\/#primaryimage\"},\"thumbnailUrl\":\"https:\/\/sottopellebrasil.com.br\/sou-medico\/wp-content\/uploads\/sites\/4\/2023\/10\/Group-80.svg\",\"datePublished\":\"2024-02-23T23:33:52+00:00\",\"dateModified\":\"2024-03-06T18:12:30+00:00\",\"breadcrumb\":{\"@id\":\"https:\/\/sottopellebrasil.com.br\/sou-medico\/terapia-hormonal-para-pessoas-trans\/#breadcrumb\"},\"inLanguage\":\"pt-BR\",\"potentialAction\":[{\"@type\":\"ReadAction\",\"target\":[\"https:\/\/sottopellebrasil.com.br\/sou-medico\/terapia-hormonal-para-pessoas-trans\/\"]}]},{\"@type\":\"ImageObject\",\"inLanguage\":\"pt-BR\",\"@id\":\"https:\/\/sottopellebrasil.com.br\/sou-medico\/terapia-hormonal-para-pessoas-trans\/#primaryimage\",\"url\":\"https:\/\/sottopellebrasil.com.br\/sou-medico\/wp-content\/uploads\/sites\/4\/2023\/10\/Group-80.svg\",\"contentUrl\":\"https:\/\/sottopellebrasil.com.br\/sou-medico\/wp-content\/uploads\/sites\/4\/2023\/10\/Group-80.svg\",\"width\":475,\"height\":152},{\"@type\":\"BreadcrumbList\",\"@id\":\"https:\/\/sottopellebrasil.com.br\/sou-medico\/terapia-hormonal-para-pessoas-trans\/#breadcrumb\",\"itemListElement\":[{\"@type\":\"ListItem\",\"position\":1,\"name\":\"In\u00edcio\",\"item\":\"https:\/\/sottopellebrasil.com.br\/sou-medico\/\"},{\"@type\":\"ListItem\",\"position\":2,\"name\":\"Terapia Hormonal para Pessoas Trans\"}]},{\"@type\":\"WebSite\",\"@id\":\"https:\/\/sottopellebrasil.com.br\/sou-medico\/#website\",\"url\":\"https:\/\/sottopellebrasil.com.br\/sou-medico\/\",\"name\":\"SottoPelle Brasil | Sou M\u00e9dico\",\"description\":\"\",\"potentialAction\":[{\"@type\":\"SearchAction\",\"target\":{\"@type\":\"EntryPoint\",\"urlTemplate\":\"https:\/\/sottopellebrasil.com.br\/sou-medico\/?s={search_term_string}\"},\"query-input\":{\"@type\":\"PropertyValueSpecification\",\"valueRequired\":true,\"valueName\":\"search_term_string\"}}],\"inLanguage\":\"pt-BR\"}]}<\/script>\n<!-- \/ Yoast SEO plugin. -->","yoast_head_json":{"title":"Terapia Hormonal para Pessoas Trans - SottoPelle Brasil | Sou M\u00e9dico","robots":{"index":"index","follow":"follow","max-snippet":"max-snippet:-1","max-image-preview":"max-image-preview:large","max-video-preview":"max-video-preview:-1"},"canonical":"https:\/\/sottopellebrasil.com.br\/sou-medico\/terapia-hormonal-para-pessoas-trans\/","og_locale":"pt_BR","og_type":"article","og_title":"Terapia Hormonal para Pessoas Trans - SottoPelle Brasil | Sou M\u00e9dico","og_description":"Terapia de reposi\u00e7\u00e3o hormonal para pessoas trans Com a terapia SottoPelle, possibilitamos que pessoas trans vivam \u00e0 sua maneira e tenham mais seguran\u00e7a e efic\u00e1cia na [\u2026]","og_url":"https:\/\/sottopellebrasil.com.br\/sou-medico\/terapia-hormonal-para-pessoas-trans\/","og_site_name":"SottoPelle Brasil | Sou M\u00e9dico","article_modified_time":"2024-03-06T18:12:30+00:00","og_image":[{"url":"https:\/\/sottopellebrasil.com.br\/sou-medico\/wp-content\/uploads\/sites\/4\/2023\/10\/Group-80.svg","type":"","width":"","height":""}],"twitter_card":"summary_large_image","twitter_misc":{"Est. tempo de leitura":"1 minuto"},"schema":{"@context":"https:\/\/schema.org","@graph":[{"@type":"WebPage","@id":"https:\/\/sottopellebrasil.com.br\/sou-medico\/terapia-hormonal-para-pessoas-trans\/","url":"https:\/\/sottopellebrasil.com.br\/sou-medico\/terapia-hormonal-para-pessoas-trans\/","name":"Terapia Hormonal para Pessoas Trans - SottoPelle Brasil | Sou M\u00e9dico","isPartOf":{"@id":"https:\/\/sottopellebrasil.com.br\/sou-medico\/#website"},"primaryImageOfPage":{"@id":"https:\/\/sottopellebrasil.com.br\/sou-medico\/terapia-hormonal-para-pessoas-trans\/#primaryimage"},"image":{"@id":"https:\/\/sottopellebrasil.com.br\/sou-medico\/terapia-hormonal-para-pessoas-trans\/#primaryimage"},"thumbnailUrl":"https:\/\/sottopellebrasil.com.br\/sou-medico\/wp-content\/uploads\/sites\/4\/2023\/10\/Group-80.svg","datePublished":"2024-02-23T23:33:52+00:00","dateModified":"2024-03-06T18:12:30+00:00","breadcrumb":{"@id":"https:\/\/sottopellebrasil.com.br\/sou-medico\/terapia-hormonal-para-pessoas-trans\/#breadcrumb"},"inLanguage":"pt-BR","potentialAction":[{"@type":"ReadAction","target":["https:\/\/sottopellebrasil.com.br\/sou-medico\/terapia-hormonal-para-pessoas-trans\/"]}]},{"@type":"ImageObject","inLanguage":"pt-BR","@id":"https:\/\/sottopellebrasil.com.br\/sou-medico\/terapia-hormonal-para-pessoas-trans\/#primaryimage","url":"https:\/\/sottopellebrasil.com.br\/sou-medico\/wp-content\/uploads\/sites\/4\/2023\/10\/Group-80.svg","contentUrl":"https:\/\/sottopellebrasil.com.br\/sou-medico\/wp-content\/uploads\/sites\/4\/2023\/10\/Group-80.svg","width":475,"height":152},{"@type":"BreadcrumbList","@id":"https:\/\/sottopellebrasil.com.br\/sou-medico\/terapia-hormonal-para-pessoas-trans\/#breadcrumb","itemListElement":[{"@type":"ListItem","position":1,"name":"In\u00edcio","item":"https:\/\/sottopellebrasil.com.br\/sou-medico\/"},{"@type":"ListItem","position":2,"name":"Terapia Hormonal para Pessoas Trans"}]},{"@type":"WebSite","@id":"https:\/\/sottopellebrasil.com.br\/sou-medico\/#website","url":"https:\/\/sottopellebrasil.com.br\/sou-medico\/","name":"SottoPelle Brasil | Sou M\u00e9dico","description":"","potentialAction":[{"@type":"SearchAction","target":{"@type":"EntryPoint","urlTemplate":"https:\/\/sottopellebrasil.com.br\/sou-medico\/?s={search_term_string}"},"query-input":{"@type":"PropertyValueSpecification","valueRequired":true,"valueName":"search_term_string"}}],"inLanguage":"pt-BR"}]}},"_links":{"self":[{"href":"https:\/\/sottopellebrasil.com.br\/sou-medico\/wp-json\/wp\/v2\/pages\/1187","targetHints":{"allow":["GET"]}}],"collection":[{"href":"https:\/\/sottopellebrasil.com.br\/sou-medico\/wp-json\/wp\/v2\/pages"}],"about":[{"href":"https:\/\/sottopellebrasil.com.br\/sou-medico\/wp-json\/wp\/v2\/types\/page"}],"author":[{"embeddable":true,"href":"https:\/\/sottopellebrasil.com.br\/sou-medico\/wp-json\/wp\/v2\/users\/2"}],"replies":[{"embeddable":true,"href":"https:\/\/sottopellebrasil.com.br\/sou-medico\/wp-json\/wp\/v2\/comments?post=1187"}],"version-history":[{"count":12,"href":"https:\/\/sottopellebrasil.com.br\/sou-medico\/wp-json\/wp\/v2\/pages\/1187\/revisions"}],"predecessor-version":[{"id":1274,"href":"https:\/\/sottopellebrasil.com.br\/sou-medico\/wp-json\/wp\/v2\/pages\/1187\/revisions\/1274"}],"wp:attachment":[{"href":"https:\/\/sottopellebrasil.com.br\/sou-medico\/wp-json\/wp\/v2\/media?parent=1187"}],"curies":[{"name":"wp","href":"https:\/\/api.w.org\/{rel}","templated":true}]}}